{"id":13,"date":"2019-03-11T22:22:25","date_gmt":"2019-03-11T19:22:25","guid":{"rendered":"http:\/\/ferrybocas.com\/?page_id=13"},"modified":"2024-09-06T18:17:29","modified_gmt":"2024-09-06T23:17:29","slug":"prices","status":"publish","type":"page","link":"https:\/\/ferrybocas.com\/es\/prices\/","title":{"rendered":"Precios"},"content":{"rendered":"<div class=\"b-inner-table n2\">\n<h2>Pasajeros (una v\u00eda)<\/h2>\n<table>\n<tbody>\n<tr>\n<td>Ni\u00f1os de 2 a 9 a\u00f1os de edad<\/td>\n<td class=\"text-right\">1.50$<\/td>\n<\/tr>\n<tr>\n<td>Jubilados<\/td>\n<td class=\"text-right\">2.00$<\/td>\n<\/tr>\n<tr>\n<td>Adultos<\/td>\n<td class=\"text-right\">3.00$<\/td>\n<\/tr>\n<\/tbody>\n<\/table>\n<h2>Vehiculos (una v\u00eda)<\/h2>\n<table style=\"height: 697px;\" width=\"576\">\n<tbody>\n<tr>\n<td>Bicicletas<\/td>\n<td class=\"text-right\">3.50$<\/td>\n<\/tr>\n<tr>\n<td>Motos<\/td>\n<td class=\"text-right\">10.00$<\/td>\n<\/tr>\n<tr>\n<td>Carros particulares hasta de 5 pasajeros<\/td>\n<td class=\"text-right\">35.00$<\/td>\n<\/tr>\n<tr>\n<td>Carros 4\u00d74 medianos (Rav 4, Honda CRV, Suzuki)<\/td>\n<td class=\"text-right\">40.00$<\/td>\n<\/tr>\n<tr>\n<td>Carros 4\u00d74 grandes (Land Cruiser, Montero, 4Runner, Patrol, Prado)<\/td>\n<td class=\"text-right\">45.00$<\/td>\n<\/tr>\n<tr>\n<td>Pick-up hasta 1.5 toneladas<\/td>\n<td class=\"text-right\">50.00$<\/td>\n<\/tr>\n<tr>\n<td>Panel<\/td>\n<td class=\"text-right\">55.00$<\/td>\n<\/tr>\n<tr>\n<td>\u00d3mnibus de hasta 10 pasajeros<\/td>\n<td class=\"text-right\">80.00$<\/td>\n<\/tr>\n<tr>\n<td>\u00d3mnibus de 11 a 22 pasajeros<\/td>\n<td class=\"text-right\">90.00$<\/td>\n<\/tr>\n<tr>\n<td>Carros y camiones desde 1.6 hasta 3.0 toneladas<\/td>\n<td class=\"text-right\">70.00$<\/td>\n<\/tr>\n<tr>\n<td>Camiones hasta 3.0 toneladas, largos<\/td>\n<td class=\"text-right\">70.00$<\/td>\n<\/tr>\n<tr>\n<td>Camiones desde 3.1 toneladas hasta 4.5 toneladas<\/td>\n<td class=\"text-right\">70.00$<\/td>\n<\/tr>\n<tr>\n<td>Camiones desde 3.1 toneladas hasta 4.5 toneladas, largos<\/td>\n<td class=\"text-right\">75.00$<\/td>\n<\/tr>\n<tr>\n<td>Camiones desde 4.6 toneladas hasta 6 toneladas<\/td>\n<td class=\"text-right\">80.00$<\/td>\n<\/tr>\n<tr>\n<td>Camiones desde 4.6 toneladas hasta 6 toneladas, largos<\/td>\n<td class=\"text-right\">80.00$<\/td>\n<\/tr>\n<tr>\n<td>Camiones desde 6.1 toneladas hasta 8 toneladas<\/td>\n<td class=\"text-right\">90.00$<\/td>\n<\/tr>\n<tr>\n<td>\u00d3mnibus de 23 a 45 pasajeros<\/td>\n<td class=\"text-right\">130.00$<\/td>\n<\/tr>\n<tr>\n<td>\u00d3mnibus desde 46 pasajeros<\/td>\n<td class=\"text-right\">160.00$<\/td>\n<\/tr>\n<tr>\n<td>Camiones desde 8.1 hasta 10 toneladas<\/td>\n<td class=\"text-right\">160.00$<\/td>\n<\/tr>\n<tr>\n<td>Camiones desde 10.1 hasta 14 toneladas<\/td>\n<td class=\"text-right\">175.00$<\/td>\n<\/tr>\n<tr>\n<td>Camiones desde 14.1 hasta 17 toneladas<\/td>\n<td class=\"text-right\">195.00$<\/td>\n<\/tr>\n<tr>\n<td>Camiones desde 17.1 toneladas<\/td>\n<td class=\"text-right\">240.00$<\/td>\n<\/tr>\n<tr>\n<td>Tr\u00e1iler con furg\u00f3n de 40 pies<\/td>\n<td class=\"text-right\">300.00$<\/td>\n<\/tr>\n<tr>\n<td>Tr\u00e1iler con furg\u00f3n de 45 pies<\/td>\n<td class=\"text-right\">320.00$<\/td>\n<\/tr>\n<tr>\n<td>Tr\u00e1iler con furg\u00f3n de 48 pies<\/td>\n<td class=\"text-right\">330.00$<\/td>\n<\/tr>\n<tr>\n<td>Tr\u00e1iler con furg\u00f3n de 53 pies<\/td>\n<td class=\"text-right\">340.00$<\/td>\n<\/tr>\n<tr>\n<td>Carros Cisternas<\/td>\n<td class=\"text-right\">400.00$<\/td>\n<\/tr>\n<tr>\n<td>Equipo Pesado, seg\u00fan peso y dimensiones<\/td>\n<td class=\"text-right\">350.00$<\/td>\n<\/tr>\n<\/tbody>\n<\/table>\n<\/div>\n","protected":false},"excerpt":{"rendered":"Pasajeros (una v\u00eda) Ni\u00f1os de 2 a 9 a\u00f1os de edad 1.50$ Jubilados 2.00$ Adultos 3.00$ Vehiculos (una v\u00eda) Bicicletas 3.50$ Motos 10.00$ Carros particulares hasta de 5 pasajeros 35.00$ Carros 4\u00d74 medianos (Rav 4, Honda CRV, Suzuki) 40.00$ Carros 4\u00d74 grandes (Land Cruiser, Montero, 4Runner, Patrol, Prado) 45.00$ Pick-up hasta 1.5 toneladas 50.00$ Panel&#8230; <a class=\"view-article\" href=\"https:\/\/ferrybocas.com\/es\/prices\/\">View Article<\/a>","protected":false},"author":1,"featured_media":0,"parent":0,"menu_order":0,"comment_status":"closed","ping_status":"closed","template":"","meta":{"_acf_changed":false,"footnotes":""},"class_list":["post-13","page","type-page","status-publish","hentry"],"acf":[],"yoast_head":"<!-- This site is optimized with the Yoast SEO plugin v26.5 - https:\/\/yoast.com\/wordpress\/plugins\/seo\/ -->\n<title>Precios<\/title>\n<meta name=\"robots\" content=\"index, follow, max-snippet:-1, max-image-preview:large, max-video-preview:-1\" \/>\n<link rel=\"canonical\" href=\"https:\/\/ferrybocas.com\/es\/prices\/\" \/>\n<meta property=\"og:locale\" content=\"es_ES\" \/>\n<meta property=\"og:locale:alternate\" content=\"en_US\" \/>\n<meta property=\"og:type\" content=\"article\" \/>\n<meta property=\"og:title\" content=\"Precios\" \/>\n<meta property=\"og:description\" content=\"Pasajeros (una v\u00eda) Ni\u00f1os de 2 a 9 a\u00f1os de edad 1.50$ Jubilados 2.00$ Adultos 3.00$ Vehiculos (una v\u00eda) Bicicletas 3.50$ Motos 10.00$ Carros particulares hasta de 5 pasajeros 35.00$ Carros 4\u00d74 medianos (Rav 4, Honda CRV, Suzuki) 40.00$ Carros 4\u00d74 grandes (Land Cruiser, Montero, 4Runner, Patrol, Prado) 45.00$ Pick-up hasta 1.5 toneladas 50.00$ Panel... View Article\" \/>\n<meta property=\"og:url\" content=\"https:\/\/ferrybocas.com\/es\/prices\/\" \/>\n<meta property=\"og:site_name\" content=\"Ferry Bocas - Su Transporte entre Almirante y Bocas del Toro\" \/>\n<meta property=\"article:modified_time\" content=\"2024-09-06T23:17:29+00:00\" \/>\n<meta name=\"twitter:card\" content=\"summary_large_image\" \/>\n<meta name=\"twitter:label1\" content=\"Tiempo de lectura\" \/>\n\t<meta name=\"twitter:data1\" content=\"1 minuto\" \/>\n<script type=\"application\/ld+json\" class=\"yoast-schema-graph\">{\"@context\":\"https:\/\/schema.org\",\"@graph\":[{\"@type\":\"WebPage\",\"@id\":\"https:\/\/ferrybocas.com\/en\/prices\/\",\"url\":\"https:\/\/ferrybocas.com\/en\/prices\/\",\"name\":\"Precios\",\"isPartOf\":{\"@id\":\"https:\/\/ferrybocas.com\/es\/#website\"},\"datePublished\":\"2019-03-11T19:22:25+00:00\",\"dateModified\":\"2024-09-06T23:17:29+00:00\",\"breadcrumb\":{\"@id\":\"https:\/\/ferrybocas.com\/en\/prices\/#breadcrumb\"},\"inLanguage\":\"es-ES\",\"potentialAction\":[{\"@type\":\"ReadAction\",\"target\":[\"https:\/\/ferrybocas.com\/en\/prices\/\"]}]},{\"@type\":\"BreadcrumbList\",\"@id\":\"https:\/\/ferrybocas.com\/en\/prices\/#breadcrumb\",\"itemListElement\":[{\"@type\":\"ListItem\",\"position\":1,\"name\":\"Home\",\"item\":\"https:\/\/ferrybocas.com\/es\/\"},{\"@type\":\"ListItem\",\"position\":2,\"name\":\"Prices\"}]},{\"@type\":\"WebSite\",\"@id\":\"https:\/\/ferrybocas.com\/es\/#website\",\"url\":\"https:\/\/ferrybocas.com\/es\/\",\"name\":\"Ferry Bocas - Su Transporte entre Almirante y Bocas del Toro\",\"description\":\"Con el Ferry de Bocas, llegaras a las islas de Bocas del Toro f\u00e1cil y al mejor precio.\",\"potentialAction\":[{\"@type\":\"SearchAction\",\"target\":{\"@type\":\"EntryPoint\",\"urlTemplate\":\"https:\/\/ferrybocas.com\/es\/?s={search_term_string}\"},\"query-input\":{\"@type\":\"PropertyValueSpecification\",\"valueRequired\":true,\"valueName\":\"search_term_string\"}}],\"inLanguage\":\"es-ES\"}]}<\/script>\n<!-- \/ Yoast SEO plugin. -->","yoast_head_json":{"title":"Precios","robots":{"index":"index","follow":"follow","max-snippet":"max-snippet:-1","max-image-preview":"max-image-preview:large","max-video-preview":"max-video-preview:-1"},"canonical":"https:\/\/ferrybocas.com\/es\/prices\/","og_locale":"es_ES","og_type":"article","og_title":"[:en]Prices[:es]Precios[:he]\u05de\u05d7\u05d9\u05e8[:] - Ferry Bocas - Su Transporte entre Almirante y Bocas del Toro","og_description":"Pasajeros (una v\u00eda) Ni\u00f1os de 2 a 9 a\u00f1os de edad 1.50$ Jubilados 2.00$ Adultos 3.00$ Vehiculos (una v\u00eda) Bicicletas 3.50$ Motos 10.00$ Carros particulares hasta de 5 pasajeros 35.00$ Carros 4\u00d74 medianos (Rav 4, Honda CRV, Suzuki) 40.00$ Carros 4\u00d74 grandes (Land Cruiser, Montero, 4Runner, Patrol, Prado) 45.00$ Pick-up hasta 1.5 toneladas 50.00$ Panel... View Article","og_url":"https:\/\/ferrybocas.com\/es\/prices\/","og_site_name":"Ferry Bocas - Su Transporte entre Almirante y Bocas del Toro","article_modified_time":"2024-09-06T23:17:29+00:00","twitter_card":"summary_large_image","twitter_misc":{"Tiempo de lectura":"1 minuto"},"schema":{"@context":"https:\/\/schema.org","@graph":[{"@type":"WebPage","@id":"https:\/\/ferrybocas.com\/en\/prices\/","url":"https:\/\/ferrybocas.com\/en\/prices\/","name":"Precios","isPartOf":{"@id":"https:\/\/ferrybocas.com\/es\/#website"},"datePublished":"2019-03-11T19:22:25+00:00","dateModified":"2024-09-06T23:17:29+00:00","breadcrumb":{"@id":"https:\/\/ferrybocas.com\/en\/prices\/#breadcrumb"},"inLanguage":"es-ES","potentialAction":[{"@type":"ReadAction","target":["https:\/\/ferrybocas.com\/en\/prices\/"]}]},{"@type":"BreadcrumbList","@id":"https:\/\/ferrybocas.com\/en\/prices\/#breadcrumb","itemListElement":[{"@type":"ListItem","position":1,"name":"Home","item":"https:\/\/ferrybocas.com\/es\/"},{"@type":"ListItem","position":2,"name":"Prices"}]},{"@type":"WebSite","@id":"https:\/\/ferrybocas.com\/es\/#website","url":"https:\/\/ferrybocas.com\/es\/","name":"Ferry Bocas - Su Transporte entre Almirante y Bocas del Toro","description":"Con el Ferry de Bocas, llegaras a las islas de Bocas del Toro f\u00e1cil y al mejor precio.","potentialAction":[{"@type":"SearchAction","target":{"@type":"EntryPoint","urlTemplate":"https:\/\/ferrybocas.com\/es\/?s={search_term_string}"},"query-input":{"@type":"PropertyValueSpecification","valueRequired":true,"valueName":"search_term_string"}}],"inLanguage":"es-ES"}]}},"_links":{"self":[{"href":"https:\/\/ferrybocas.com\/es\/wp-json\/wp\/v2\/pages\/13","targetHints":{"allow":["GET"]}}],"collection":[{"href":"https:\/\/ferrybocas.com\/es\/wp-json\/wp\/v2\/pages"}],"about":[{"href":"https:\/\/ferrybocas.com\/es\/wp-json\/wp\/v2\/types\/page"}],"author":[{"embeddable":true,"href":"https:\/\/ferrybocas.com\/es\/wp-json\/wp\/v2\/users\/1"}],"replies":[{"embeddable":true,"href":"https:\/\/ferrybocas.com\/es\/wp-json\/wp\/v2\/comments?post=13"}],"version-history":[{"count":58,"href":"https:\/\/ferrybocas.com\/es\/wp-json\/wp\/v2\/pages\/13\/revisions"}],"predecessor-version":[{"id":1291622,"href":"https:\/\/ferrybocas.com\/es\/wp-json\/wp\/v2\/pages\/13\/revisions\/1291622"}],"wp:attachment":[{"href":"https:\/\/ferrybocas.com\/es\/wp-json\/wp\/v2\/media?parent=13"}],"curies":[{"name":"wp","href":"https:\/\/api.w.org\/{rel}","templated":true}]}}