{"id":16,"date":"2019-03-11T22:22:45","date_gmt":"2019-03-11T19:22:45","guid":{"rendered":"http:\/\/ferrybocas.com\/?page_id=16"},"modified":"2021-10-07T06:39:05","modified_gmt":"2021-10-07T11:39:05","slug":"other-services","status":"publish","type":"page","link":"https:\/\/ferrybocas.com\/es\/other-services\/","title":{"rendered":"Otros servicios"},"content":{"rendered":"\n<p class=\"has-text-color font-secondary\">1.Transporte individual de materiales y mercanc\u00eda suelta<br>Servicios de cargo para construcci\u00f3n y otras necesidades, a cualquier playa del archipi\u00e9lago de Bocas del Toro sin necesidad de muelle.<br>2. Vendemos muelles flotantes. <\/p>\n\n\n\n<p>Para mas informaci\u00f3n y viajes especiales, cont\u00e1ctenos v\u00eda:<\/p>\n\n\n\n<div class=\"row\">\n\t<div class=\"col-lg-4 col-12\">\n\t\t<div class=\"contact-title\">e-mail<\/div>\n\t\t<a href=\"mailto:info@ferrybocas.com\" class=\"contact-email\">info@ferrybocas.com<\/a>\n\t<\/div>\n\t<div class=\"col-lg-4 col-12\">\n\t\t<div class=\"contact-title\">ll\u00e1menos al<\/div>\n\t\t<a class=\"contact-email\">Transporte:<br> +507 6615-6674;<br> Casas Flotantes:<br> +507 6614-0515<\/a>\n\t<\/div>\n<\/div>\n","protected":false},"excerpt":{"rendered":"1.Transporte individual de materiales y mercanc\u00eda sueltaServicios de cargo para construcci\u00f3n y otras necesidades, a cualquier playa del archipi\u00e9lago de Bocas del Toro sin necesidad de muelle.2. Vendemos muelles flotantes. Para mas informaci\u00f3n y viajes especiales, cont\u00e1ctenos v\u00eda: e-mail info@ferrybocas.com ll\u00e1menos al Transporte: +507 6615-6674; Casas Flotantes: +507 6614-0515","protected":false},"author":1,"featured_media":0,"parent":0,"menu_order":0,"comment_status":"closed","ping_status":"closed","template":"","meta":{"_acf_changed":false,"footnotes":""},"class_list":["post-16","page","type-page","status-publish","hentry"],"acf":{"photo_gallery":{"gallery_2":[[{"id":147,"title":"[:es]Mantaraya[:]","caption":"","full_image_url":"https:\/\/ferrybocas.com\/wp-content\/uploads\/2019\/03\/Mantaraya.jpeg","thumbnail_image_url":"https:\/\/ferrybocas.com\/wp-content\/uploads\/2019\/03\/Mantaraya-150x150.jpeg","large_srcset":"https:\/\/ferrybocas.com\/wp-content\/uploads\/2019\/03\/Mantaraya-700x525.jpeg 700w, https:\/\/ferrybocas.com\/wp-content\/uploads\/2019\/03\/Mantaraya-250x188.jpeg 250w, https:\/\/ferrybocas.com\/wp-content\/uploads\/2019\/03\/Mantaraya-768x576.jpeg 768w, https:\/\/ferrybocas.com\/wp-content\/uploads\/2019\/03\/Mantaraya-120x90.jpeg 120w, https:\/\/ferrybocas.com\/wp-content\/uploads\/2019\/03\/Mantaraya.jpeg 800w","medium_srcset":"https:\/\/ferrybocas.com\/wp-content\/uploads\/2019\/03\/Mantaraya-250x188.jpeg 250w, https:\/\/ferrybocas.com\/wp-content\/uploads\/2019\/03\/Mantaraya-768x576.jpeg 768w, https:\/\/ferrybocas.com\/wp-content\/uploads\/2019\/03\/Mantaraya-700x525.jpeg 700w, https:\/\/ferrybocas.com\/wp-content\/uploads\/2019\/03\/Mantaraya-120x90.jpeg 120w, https:\/\/ferrybocas.com\/wp-content\/uploads\/2019\/03\/Mantaraya.jpeg 800w","media_details":{"width":800,"height":600,"sizes":{"thumbnail":{"file":"Mantaraya-150x150.jpeg","width":150,"height":150,"mime-type":"image\/jpeg","source_url":"https:\/\/ferrybocas.com\/wp-content\/uploads\/2019\/03\/Mantaraya-150x150.jpeg"},"medium":{"file":"Mantaraya-250x188.jpeg","width":250,"height":188,"mime-type":"image\/jpeg","source_url":"https:\/\/ferrybocas.com\/wp-content\/uploads\/2019\/03\/Mantaraya-250x188.jpeg"},"medium_large":{"file":"Mantaraya-768x576.jpeg","width":768,"height":576,"mime-type":"image\/jpeg","source_url":"https:\/\/ferrybocas.com\/wp-content\/uploads\/2019\/03\/Mantaraya-768x576.jpeg"},"large":{"file":"Mantaraya-700x525.jpeg","width":700,"height":525,"mime-type":"image\/jpeg","source_url":"https:\/\/ferrybocas.com\/wp-content\/uploads\/2019\/03\/Mantaraya-700x525.jpeg"},"small":{"file":"Mantaraya-120x90.jpeg","width":120,"height":90,"mime-type":"image\/jpeg","source_url":"https:\/\/ferrybocas.com\/wp-content\/uploads\/2019\/03\/Mantaraya-120x90.jpeg"},"custom-size":{"file":"Mantaraya-700x200.jpeg","width":700,"height":200,"mime-type":"image\/jpeg","source_url":"https:\/\/ferrybocas.com\/wp-content\/uploads\/2019\/03\/Mantaraya-700x200.jpeg"}}},"alt_text":"","url":"","target":""},{"id":149,"title":"[:es]Muelle 2[:]","caption":"","full_image_url":"https:\/\/ferrybocas.com\/wp-content\/uploads\/2019\/03\/Muelle-2.jpeg","thumbnail_image_url":"https:\/\/ferrybocas.com\/wp-content\/uploads\/2019\/03\/Muelle-2-150x150.jpeg","large_srcset":"https:\/\/ferrybocas.com\/wp-content\/uploads\/2019\/03\/Muelle-2-700x525.jpeg 700w, https:\/\/ferrybocas.com\/wp-content\/uploads\/2019\/03\/Muelle-2-250x188.jpeg 250w, https:\/\/ferrybocas.com\/wp-content\/uploads\/2019\/03\/Muelle-2-768x576.jpeg 768w, https:\/\/ferrybocas.com\/wp-content\/uploads\/2019\/03\/Muelle-2-120x90.jpeg 120w, https:\/\/ferrybocas.com\/wp-content\/uploads\/2019\/03\/Muelle-2.jpeg 800w","medium_srcset":"https:\/\/ferrybocas.com\/wp-content\/uploads\/2019\/03\/Muelle-2-250x188.jpeg 250w, https:\/\/ferrybocas.com\/wp-content\/uploads\/2019\/03\/Muelle-2-768x576.jpeg 768w, https:\/\/ferrybocas.com\/wp-content\/uploads\/2019\/03\/Muelle-2-700x525.jpeg 700w, https:\/\/ferrybocas.com\/wp-content\/uploads\/2019\/03\/Muelle-2-120x90.jpeg 120w, https:\/\/ferrybocas.com\/wp-content\/uploads\/2019\/03\/Muelle-2.jpeg 800w","media_details":{"width":800,"height":600,"sizes":{"thumbnail":{"file":"Muelle-2-150x150.jpeg","width":150,"height":150,"mime-type":"image\/jpeg","source_url":"https:\/\/ferrybocas.com\/wp-content\/uploads\/2019\/03\/Muelle-2-150x150.jpeg"},"medium":{"file":"Muelle-2-250x188.jpeg","width":250,"height":188,"mime-type":"image\/jpeg","source_url":"https:\/\/ferrybocas.com\/wp-content\/uploads\/2019\/03\/Muelle-2-250x188.jpeg"},"medium_large":{"file":"Muelle-2-768x576.jpeg","width":768,"height":576,"mime-type":"image\/jpeg","source_url":"https:\/\/ferrybocas.com\/wp-content\/uploads\/2019\/03\/Muelle-2-768x576.jpeg"},"large":{"file":"Muelle-2-700x525.jpeg","width":700,"height":525,"mime-type":"image\/jpeg","source_url":"https:\/\/ferrybocas.com\/wp-content\/uploads\/2019\/03\/Muelle-2-700x525.jpeg"},"small":{"file":"Muelle-2-120x90.jpeg","width":120,"height":90,"mime-type":"image\/jpeg","source_url":"https:\/\/ferrybocas.com\/wp-content\/uploads\/2019\/03\/Muelle-2-120x90.jpeg"},"custom-size":{"file":"Muelle-2-700x200.jpeg","width":700,"height":200,"mime-type":"image\/jpeg","source_url":"https:\/\/ferrybocas.com\/wp-content\/uploads\/2019\/03\/Muelle-2-700x200.jpeg"}}},"alt_text":"","url":"","target":""},{"id":148,"title":"[:es]Muelle 1[:]","caption":"","full_image_url":"https:\/\/ferrybocas.com\/wp-content\/uploads\/2019\/03\/Muelle-1.jpeg","thumbnail_image_url":"https:\/\/ferrybocas.com\/wp-content\/uploads\/2019\/03\/Muelle-1-150x150.jpeg","large_srcset":"https:\/\/ferrybocas.com\/wp-content\/uploads\/2019\/03\/Muelle-1-700x525.jpeg 700w, https:\/\/ferrybocas.com\/wp-content\/uploads\/2019\/03\/Muelle-1-250x188.jpeg 250w, https:\/\/ferrybocas.com\/wp-content\/uploads\/2019\/03\/Muelle-1-768x576.jpeg 768w, https:\/\/ferrybocas.com\/wp-content\/uploads\/2019\/03\/Muelle-1-120x90.jpeg 120w, https:\/\/ferrybocas.com\/wp-content\/uploads\/2019\/03\/Muelle-1.jpeg 800w","medium_srcset":"https:\/\/ferrybocas.com\/wp-content\/uploads\/2019\/03\/Muelle-1-250x188.jpeg 250w, https:\/\/ferrybocas.com\/wp-content\/uploads\/2019\/03\/Muelle-1-768x576.jpeg 768w, https:\/\/ferrybocas.com\/wp-content\/uploads\/2019\/03\/Muelle-1-700x525.jpeg 700w, https:\/\/ferrybocas.com\/wp-content\/uploads\/2019\/03\/Muelle-1-120x90.jpeg 120w, https:\/\/ferrybocas.com\/wp-content\/uploads\/2019\/03\/Muelle-1.jpeg 800w","media_details":{"width":800,"height":600,"sizes":{"thumbnail":{"file":"Muelle-1-150x150.jpeg","width":150,"height":150,"mime-type":"image\/jpeg","source_url":"https:\/\/ferrybocas.com\/wp-content\/uploads\/2019\/03\/Muelle-1-150x150.jpeg"},"medium":{"file":"Muelle-1-250x188.jpeg","width":250,"height":188,"mime-type":"image\/jpeg","source_url":"https:\/\/ferrybocas.com\/wp-content\/uploads\/2019\/03\/Muelle-1-250x188.jpeg"},"medium_large":{"file":"Muelle-1-768x576.jpeg","width":768,"height":576,"mime-type":"image\/jpeg","source_url":"https:\/\/ferrybocas.com\/wp-content\/uploads\/2019\/03\/Muelle-1-768x576.jpeg"},"large":{"file":"Muelle-1-700x525.jpeg","width":700,"height":525,"mime-type":"image\/jpeg","source_url":"https:\/\/ferrybocas.com\/wp-content\/uploads\/2019\/03\/Muelle-1-700x525.jpeg"},"small":{"file":"Muelle-1-120x90.jpeg","width":120,"height":90,"mime-type":"image\/jpeg","source_url":"https:\/\/ferrybocas.com\/wp-content\/uploads\/2019\/03\/Muelle-1-120x90.jpeg"},"custom-size":{"file":"Muelle-1-700x200.jpeg","width":700,"height":200,"mime-type":"image\/jpeg","source_url":"https:\/\/ferrybocas.com\/wp-content\/uploads\/2019\/03\/Muelle-1-700x200.jpeg"}}},"alt_text":"","url":"","target":""}]]}},"yoast_head":"<!-- This site is optimized with the Yoast SEO plugin v26.5 - https:\/\/yoast.com\/wordpress\/plugins\/seo\/ -->\n<title>Otros servicios<\/title>\n<meta name=\"robots\" content=\"index, follow, max-snippet:-1, max-image-preview:large, max-video-preview:-1\" \/>\n<link rel=\"canonical\" href=\"https:\/\/ferrybocas.com\/es\/other-services\/\" \/>\n<meta property=\"og:locale\" content=\"es_ES\" \/>\n<meta property=\"og:locale:alternate\" content=\"en_US\" \/>\n<meta property=\"og:type\" content=\"article\" \/>\n<meta property=\"og:title\" content=\"Otros servicios\" \/>\n<meta property=\"og:description\" content=\"1.Transporte individual de materiales y mercanc\u00eda sueltaServicios de cargo para construcci\u00f3n y otras necesidades, a cualquier playa del archipi\u00e9lago de Bocas del Toro sin necesidad de muelle.2. Vendemos muelles flotantes. Para mas informaci\u00f3n y viajes especiales, cont\u00e1ctenos v\u00eda: e-mail info@ferrybocas.com ll\u00e1menos al Transporte: +507 6615-6674; Casas Flotantes: +507 6614-0515\" \/>\n<meta property=\"og:url\" content=\"https:\/\/ferrybocas.com\/es\/other-services\/\" \/>\n<meta property=\"og:site_name\" content=\"Ferry Bocas - Su Transporte entre Almirante y Bocas del Toro\" \/>\n<meta property=\"article:modified_time\" content=\"2021-10-07T11:39:05+00:00\" \/>\n<meta name=\"twitter:card\" content=\"summary_large_image\" \/>\n<meta name=\"twitter:label1\" content=\"Tiempo de lectura\" \/>\n\t<meta name=\"twitter:data1\" content=\"1 minuto\" \/>\n<script type=\"application\/ld+json\" class=\"yoast-schema-graph\">{\"@context\":\"https:\/\/schema.org\",\"@graph\":[{\"@type\":\"WebPage\",\"@id\":\"https:\/\/ferrybocas.com\/en\/other-services\/\",\"url\":\"https:\/\/ferrybocas.com\/en\/other-services\/\",\"name\":\"Otros servicios\",\"isPartOf\":{\"@id\":\"https:\/\/ferrybocas.com\/es\/#website\"},\"datePublished\":\"2019-03-11T19:22:45+00:00\",\"dateModified\":\"2021-10-07T11:39:05+00:00\",\"breadcrumb\":{\"@id\":\"https:\/\/ferrybocas.com\/en\/other-services\/#breadcrumb\"},\"inLanguage\":\"es-ES\",\"potentialAction\":[{\"@type\":\"ReadAction\",\"target\":[\"https:\/\/ferrybocas.com\/en\/other-services\/\"]}]},{\"@type\":\"BreadcrumbList\",\"@id\":\"https:\/\/ferrybocas.com\/en\/other-services\/#breadcrumb\",\"itemListElement\":[{\"@type\":\"ListItem\",\"position\":1,\"name\":\"Home\",\"item\":\"https:\/\/ferrybocas.com\/es\/\"},{\"@type\":\"ListItem\",\"position\":2,\"name\":\"Other services\"}]},{\"@type\":\"WebSite\",\"@id\":\"https:\/\/ferrybocas.com\/es\/#website\",\"url\":\"https:\/\/ferrybocas.com\/es\/\",\"name\":\"Ferry Bocas - Su Transporte entre Almirante y Bocas del Toro\",\"description\":\"Con el Ferry de Bocas, llegaras a las islas de Bocas del Toro f\u00e1cil y al mejor precio.\",\"potentialAction\":[{\"@type\":\"SearchAction\",\"target\":{\"@type\":\"EntryPoint\",\"urlTemplate\":\"https:\/\/ferrybocas.com\/es\/?s={search_term_string}\"},\"query-input\":{\"@type\":\"PropertyValueSpecification\",\"valueRequired\":true,\"valueName\":\"search_term_string\"}}],\"inLanguage\":\"es-ES\"}]}<\/script>\n<!-- \/ Yoast SEO plugin. -->","yoast_head_json":{"title":"Otros servicios","robots":{"index":"index","follow":"follow","max-snippet":"max-snippet:-1","max-image-preview":"max-image-preview:large","max-video-preview":"max-video-preview:-1"},"canonical":"https:\/\/ferrybocas.com\/es\/other-services\/","og_locale":"es_ES","og_type":"article","og_title":"[:en]Other services[:es]Otros servicios[:he]\u05e9\u05d9\u05e8\u05d5\u05ea\u05d9\u05dd \u05d0\u05d7\u05e8\u05d9\u05dd[:] - Ferry Bocas - Su Transporte entre Almirante y Bocas del Toro","og_description":"1.Transporte individual de materiales y mercanc\u00eda sueltaServicios de cargo para construcci\u00f3n y otras necesidades, a cualquier playa del archipi\u00e9lago de Bocas del Toro sin necesidad de muelle.2. Vendemos muelles flotantes. Para mas informaci\u00f3n y viajes especiales, cont\u00e1ctenos v\u00eda: e-mail info@ferrybocas.com ll\u00e1menos al Transporte: +507 6615-6674; Casas Flotantes: +507 6614-0515","og_url":"https:\/\/ferrybocas.com\/es\/other-services\/","og_site_name":"Ferry Bocas - Su Transporte entre Almirante y Bocas del Toro","article_modified_time":"2021-10-07T11:39:05+00:00","twitter_card":"summary_large_image","twitter_misc":{"Tiempo de lectura":"1 minuto"},"schema":{"@context":"https:\/\/schema.org","@graph":[{"@type":"WebPage","@id":"https:\/\/ferrybocas.com\/en\/other-services\/","url":"https:\/\/ferrybocas.com\/en\/other-services\/","name":"Otros servicios","isPartOf":{"@id":"https:\/\/ferrybocas.com\/es\/#website"},"datePublished":"2019-03-11T19:22:45+00:00","dateModified":"2021-10-07T11:39:05+00:00","breadcrumb":{"@id":"https:\/\/ferrybocas.com\/en\/other-services\/#breadcrumb"},"inLanguage":"es-ES","potentialAction":[{"@type":"ReadAction","target":["https:\/\/ferrybocas.com\/en\/other-services\/"]}]},{"@type":"BreadcrumbList","@id":"https:\/\/ferrybocas.com\/en\/other-services\/#breadcrumb","itemListElement":[{"@type":"ListItem","position":1,"name":"Home","item":"https:\/\/ferrybocas.com\/es\/"},{"@type":"ListItem","position":2,"name":"Other services"}]},{"@type":"WebSite","@id":"https:\/\/ferrybocas.com\/es\/#website","url":"https:\/\/ferrybocas.com\/es\/","name":"Ferry Bocas - Su Transporte entre Almirante y Bocas del Toro","description":"Con el Ferry de Bocas, llegaras a las islas de Bocas del Toro f\u00e1cil y al mejor precio.","potentialAction":[{"@type":"SearchAction","target":{"@type":"EntryPoint","urlTemplate":"https:\/\/ferrybocas.com\/es\/?s={search_term_string}"},"query-input":{"@type":"PropertyValueSpecification","valueRequired":true,"valueName":"search_term_string"}}],"inLanguage":"es-ES"}]}},"_links":{"self":[{"href":"https:\/\/ferrybocas.com\/es\/wp-json\/wp\/v2\/pages\/16","targetHints":{"allow":["GET"]}}],"collection":[{"href":"https:\/\/ferrybocas.com\/es\/wp-json\/wp\/v2\/pages"}],"about":[{"href":"https:\/\/ferrybocas.com\/es\/wp-json\/wp\/v2\/types\/page"}],"author":[{"embeddable":true,"href":"https:\/\/ferrybocas.com\/es\/wp-json\/wp\/v2\/users\/1"}],"replies":[{"embeddable":true,"href":"https:\/\/ferrybocas.com\/es\/wp-json\/wp\/v2\/comments?post=16"}],"version-history":[{"count":57,"href":"https:\/\/ferrybocas.com\/es\/wp-json\/wp\/v2\/pages\/16\/revisions"}],"predecessor-version":[{"id":56905,"href":"https:\/\/ferrybocas.com\/es\/wp-json\/wp\/v2\/pages\/16\/revisions\/56905"}],"wp:attachment":[{"href":"https:\/\/ferrybocas.com\/es\/wp-json\/wp\/v2\/media?parent=16"}],"curies":[{"name":"wp","href":"https:\/\/api.w.org\/{rel}","templated":true}]}}