{"id":22,"date":"2019-03-11T22:23:17","date_gmt":"2019-03-11T19:23:17","guid":{"rendered":"http:\/\/ferrybocas.com\/?page_id=22"},"modified":"2021-10-07T06:38:17","modified_gmt":"2021-10-07T11:38:17","slug":"contacts","status":"publish","type":"page","link":"https:\/\/ferrybocas.com\/es\/contacts\/","title":{"rendered":"Contacto"},"content":{"rendered":"\n<div class=\"b-inner-table\">\n<iframe loading=\"lazy\" style=\"border: 0;\" src=\"https:\/\/www.google.com\/maps\/embed?pb=!1m14!1m12!1m3!1d3937.4784891657437!2d-82.39315458819935!3d9.290800695505316!2m3!1f0!2f0!3f0!3m2!1i1024!2i768!4f13.1!5e0!3m2!1sen!2s!4v1385580936450\" height=\"450\" width=\"800\" frameborder=\"0\"><\/iframe>\n\n<div class=\"wpcf7 no-js\" id=\"wpcf7-f5-o1\" lang=\"ru-RU\" dir=\"ltr\" data-wpcf7-id=\"5\">\n<div class=\"screen-reader-response\"><p role=\"status\" aria-live=\"polite\" aria-atomic=\"true\"><\/p> <ul><\/ul><\/div>\n<form action=\"\/es\/wp-json\/wp\/v2\/pages\/22#wpcf7-f5-o1\" method=\"post\" class=\"wpcf7-form init\" aria-label=\"\u041a\u043e\u043d\u0442\u0430\u043a\u0442\u043d\u0430\u044f \u0444\u043e\u0440\u043c\u0430\" novalidate=\"novalidate\" data-status=\"init\">\n<fieldset class=\"hidden-fields-container\"><input type=\"hidden\" name=\"_wpcf7\" value=\"5\" \/><input type=\"hidden\" name=\"_wpcf7_version\" value=\"6.1.4\" \/><input type=\"hidden\" name=\"_wpcf7_locale\" value=\"ru_RU\" \/><input type=\"hidden\" name=\"_wpcf7_unit_tag\" value=\"wpcf7-f5-o1\" \/><input type=\"hidden\" name=\"_wpcf7_container_post\" value=\"0\" \/><input type=\"hidden\" name=\"_wpcf7_posted_data_hash\" value=\"\" \/><input type=\"hidden\" name=\"lang\" value=\"es\" \/><input type=\"hidden\" name=\"_wpcf7_recaptcha_response\" value=\"\" \/>\n<\/fieldset>\n<div class=\"row\">\n\t<div class=\"col-12 col-lg-6\">\n\t\t<div class=\"form-group\">\n\t\t\t<p><label class=\"form-label\"> Nombre (requerido)<span class=\"wpcf7-form-control-wrap\" data-name=\"your-name\"><input size=\"40\" maxlength=\"400\" class=\"wpcf7-form-control wpcf7-text wpcf7-validates-as-required form-control\" aria-required=\"true\" aria-invalid=\"false\" value=\"\" type=\"text\" name=\"your-name\" \/><\/span><\/label>\n\t\t\t<\/p>\n\t\t<\/div>\n\t\t<div class=\"form-group\">\n\t\t\t<p><label class=\"form-label\"> Email (requerido)<span class=\"wpcf7-form-control-wrap\" data-name=\"your-email\"><input size=\"40\" maxlength=\"400\" class=\"wpcf7-form-control wpcf7-email wpcf7-validates-as-required wpcf7-text wpcf7-validates-as-email form-control\" aria-required=\"true\" aria-invalid=\"false\" value=\"\" type=\"email\" name=\"your-email\" \/><\/span><\/label>\n\t\t\t<\/p>\n\t\t<\/div>\n\t\t<div class=\"form-group\">\n\t\t\t<p><label class=\"form-label\"> Telefono (requerido)<span class=\"wpcf7-form-control-wrap\" data-name=\"your-tel\"><input size=\"40\" maxlength=\"400\" class=\"wpcf7-form-control wpcf7-tel wpcf7-validates-as-required wpcf7-text wpcf7-validates-as-tel form-control\" aria-required=\"true\" aria-invalid=\"false\" value=\"\" type=\"tel\" name=\"your-tel\" \/><\/span><\/label>\n\t\t\t<\/p>\n\t\t<\/div>\n\t\t<div class=\"form-group\">\n\t\t\t<p><label class=\"form-label\"> Asunto<span class=\"wpcf7-form-control-wrap\" data-name=\"asunto\"><input size=\"40\" maxlength=\"400\" class=\"wpcf7-form-control wpcf7-text form-control\" aria-invalid=\"false\" value=\"\" type=\"text\" name=\"asunto\" \/><\/span><\/label>\n\t\t\t<\/p>\n\t\t<\/div>\n\t<\/div>\n\t<div class=\"col-12 col-lg-6\">\n\t\t<div class=\"form-group\">\n\t\t\t<p><label class=\"form-label\"> Mensaje<span class=\"wpcf7-form-control-wrap\" data-name=\"your-message\"><textarea cols=\"40\" rows=\"10\" maxlength=\"2000\" class=\"wpcf7-form-control wpcf7-textarea form-control\" aria-invalid=\"false\" name=\"your-message\"><\/textarea><\/span><\/label>\n\t\t\t<\/p>\n\t\t<\/div>\n\t\t<div class=\"form-group d-flex justify-content-end\">\n\t\t\t<p><input class=\"wpcf7-form-control wpcf7-submit has-spinner\" type=\"submit\" value=\"Enviar\" \/>\n\t\t\t<\/p>\n\t\t<\/div>\n\t<\/div>\n<\/div><div class=\"wpcf7-response-output\" aria-hidden=\"true\"><\/div>\n<\/form>\n<\/div>\n\n<div class=\"b-inner-table__bottom\">\n<div class=\"row align-items-center\">\n<div class=\"col-lg-6 col-12 text-center\">\n<img decoding=\"async\" src=\"\/wp-content\/uploads\/2019\/03\/footer-logo.png\">\n<\/div>\n<div class=\"col-lg-6 col-12\">\n<h3>Transbordadores<br>Marinos S.A.<\/h3>\nP.O. BOX 0834-00159<br>\nPanam\u00e1, Rep\u00fablica de Panam\u00e1<br>\nTel: +507 6615-6674<br>\nFax: +507 391-3962\n<\/div>\n<\/div>\n<\/div>\n<\/div>\n","protected":false},"excerpt":{"rendered":"TransbordadoresMarinos S.A. P.O. BOX 0834-00159 Panam\u00e1, Rep\u00fablica de Panam\u00e1 Tel: +507 6615-6674 Fax: +507 391-3962","protected":false},"author":1,"featured_media":0,"parent":0,"menu_order":0,"comment_status":"closed","ping_status":"closed","template":"","meta":{"_acf_changed":false,"footnotes":""},"class_list":["post-22","page","type-page","status-publish","hentry"],"acf":[],"yoast_head":"<!-- This site is optimized with the Yoast SEO plugin v26.5 - https:\/\/yoast.com\/wordpress\/plugins\/seo\/ -->\n<title>Contacto<\/title>\n<meta name=\"robots\" content=\"index, follow, max-snippet:-1, max-image-preview:large, max-video-preview:-1\" \/>\n<link rel=\"canonical\" href=\"https:\/\/ferrybocas.com\/es\/contacts\/\" \/>\n<meta property=\"og:locale\" content=\"es_ES\" \/>\n<meta property=\"og:locale:alternate\" content=\"en_US\" \/>\n<meta property=\"og:type\" content=\"article\" \/>\n<meta property=\"og:title\" content=\"Contacto\" \/>\n<meta property=\"og:description\" content=\"TransbordadoresMarinos S.A. P.O. BOX 0834-00159 Panam\u00e1, Rep\u00fablica de Panam\u00e1 Tel: +507 6615-6674 Fax: +507 391-3962\" \/>\n<meta property=\"og:url\" content=\"https:\/\/ferrybocas.com\/es\/contacts\/\" \/>\n<meta property=\"og:site_name\" content=\"Ferry Bocas - Su Transporte entre Almirante y Bocas del Toro\" \/>\n<meta property=\"article:modified_time\" content=\"2021-10-07T11:38:17+00:00\" \/>\n<meta name=\"twitter:card\" content=\"summary_large_image\" \/>\n<script type=\"application\/ld+json\" class=\"yoast-schema-graph\">{\"@context\":\"https:\/\/schema.org\",\"@graph\":[{\"@type\":\"WebPage\",\"@id\":\"https:\/\/ferrybocas.com\/es\/contacts\/\",\"url\":\"https:\/\/ferrybocas.com\/es\/contacts\/\",\"name\":\"Contacto\",\"isPartOf\":{\"@id\":\"https:\/\/ferrybocas.com\/es\/#website\"},\"datePublished\":\"2019-03-11T19:23:17+00:00\",\"dateModified\":\"2021-10-07T11:38:17+00:00\",\"breadcrumb\":{\"@id\":\"https:\/\/ferrybocas.com\/es\/contacts\/#breadcrumb\"},\"inLanguage\":\"es-ES\",\"potentialAction\":[{\"@type\":\"ReadAction\",\"target\":[\"https:\/\/ferrybocas.com\/es\/contacts\/\"]}]},{\"@type\":\"BreadcrumbList\",\"@id\":\"https:\/\/ferrybocas.com\/es\/contacts\/#breadcrumb\",\"itemListElement\":[{\"@type\":\"ListItem\",\"position\":1,\"name\":\"Home\",\"item\":\"https:\/\/ferrybocas.com\/es\/\"},{\"@type\":\"ListItem\",\"position\":2,\"name\":\"Contacto\"}]},{\"@type\":\"WebSite\",\"@id\":\"https:\/\/ferrybocas.com\/es\/#website\",\"url\":\"https:\/\/ferrybocas.com\/es\/\",\"name\":\"Ferry Bocas - Su Transporte entre Almirante y Bocas del Toro\",\"description\":\"Con el Ferry de Bocas, llegaras a las islas de Bocas del Toro f\u00e1cil y al mejor precio.\",\"potentialAction\":[{\"@type\":\"SearchAction\",\"target\":{\"@type\":\"EntryPoint\",\"urlTemplate\":\"https:\/\/ferrybocas.com\/es\/?s={search_term_string}\"},\"query-input\":{\"@type\":\"PropertyValueSpecification\",\"valueRequired\":true,\"valueName\":\"search_term_string\"}}],\"inLanguage\":\"es-ES\"}]}<\/script>\n<!-- \/ Yoast SEO plugin. -->","yoast_head_json":{"title":"Contacto","robots":{"index":"index","follow":"follow","max-snippet":"max-snippet:-1","max-image-preview":"max-image-preview:large","max-video-preview":"max-video-preview:-1"},"canonical":"https:\/\/ferrybocas.com\/es\/contacts\/","og_locale":"es_ES","og_type":"article","og_title":"[:en]Contacts[:es]Contacto[:he]\u05d0\u05e0\u05e9\u05d9 \u05e7\u05e9\u05e8[:] - Ferry Bocas - Su Transporte entre Almirante y Bocas del Toro","og_description":"TransbordadoresMarinos S.A. P.O. BOX 0834-00159 Panam\u00e1, Rep\u00fablica de Panam\u00e1 Tel: +507 6615-6674 Fax: +507 391-3962","og_url":"https:\/\/ferrybocas.com\/es\/contacts\/","og_site_name":"Ferry Bocas - Su Transporte entre Almirante y Bocas del Toro","article_modified_time":"2021-10-07T11:38:17+00:00","twitter_card":"summary_large_image","schema":{"@context":"https:\/\/schema.org","@graph":[{"@type":"WebPage","@id":"https:\/\/ferrybocas.com\/es\/contacts\/","url":"https:\/\/ferrybocas.com\/es\/contacts\/","name":"Contacto","isPartOf":{"@id":"https:\/\/ferrybocas.com\/es\/#website"},"datePublished":"2019-03-11T19:23:17+00:00","dateModified":"2021-10-07T11:38:17+00:00","breadcrumb":{"@id":"https:\/\/ferrybocas.com\/es\/contacts\/#breadcrumb"},"inLanguage":"es-ES","potentialAction":[{"@type":"ReadAction","target":["https:\/\/ferrybocas.com\/es\/contacts\/"]}]},{"@type":"BreadcrumbList","@id":"https:\/\/ferrybocas.com\/es\/contacts\/#breadcrumb","itemListElement":[{"@type":"ListItem","position":1,"name":"Home","item":"https:\/\/ferrybocas.com\/es\/"},{"@type":"ListItem","position":2,"name":"Contacto"}]},{"@type":"WebSite","@id":"https:\/\/ferrybocas.com\/es\/#website","url":"https:\/\/ferrybocas.com\/es\/","name":"Ferry Bocas - Su Transporte entre Almirante y Bocas del Toro","description":"Con el Ferry de Bocas, llegaras a las islas de Bocas del Toro f\u00e1cil y al mejor precio.","potentialAction":[{"@type":"SearchAction","target":{"@type":"EntryPoint","urlTemplate":"https:\/\/ferrybocas.com\/es\/?s={search_term_string}"},"query-input":{"@type":"PropertyValueSpecification","valueRequired":true,"valueName":"search_term_string"}}],"inLanguage":"es-ES"}]}},"_links":{"self":[{"href":"https:\/\/ferrybocas.com\/es\/wp-json\/wp\/v2\/pages\/22","targetHints":{"allow":["GET"]}}],"collection":[{"href":"https:\/\/ferrybocas.com\/es\/wp-json\/wp\/v2\/pages"}],"about":[{"href":"https:\/\/ferrybocas.com\/es\/wp-json\/wp\/v2\/types\/page"}],"author":[{"embeddable":true,"href":"https:\/\/ferrybocas.com\/es\/wp-json\/wp\/v2\/users\/1"}],"replies":[{"embeddable":true,"href":"https:\/\/ferrybocas.com\/es\/wp-json\/wp\/v2\/comments?post=22"}],"version-history":[{"count":24,"href":"https:\/\/ferrybocas.com\/es\/wp-json\/wp\/v2\/pages\/22\/revisions"}],"predecessor-version":[{"id":56904,"href":"https:\/\/ferrybocas.com\/es\/wp-json\/wp\/v2\/pages\/22\/revisions\/56904"}],"wp:attachment":[{"href":"https:\/\/ferrybocas.com\/es\/wp-json\/wp\/v2\/media?parent=22"}],"curies":[{"name":"wp","href":"https:\/\/api.w.org\/{rel}","templated":true}]}}